{"id":14,"date":"2017-08-01T09:20:17","date_gmt":"2017-08-01T07:20:17","guid":{"rendered":"http:\/\/biobourgeon.mrchocolat.swiss\/?page_id=14"},"modified":"2024-07-10T17:58:11","modified_gmt":"2024-07-10T15:58:11","slug":"evenements","status":"publish","type":"page","link":"https:\/\/mirroir.mrchocolat.swiss\/?page_id=14","title":{"rendered":"Ev\u00e9nements"},"content":{"rendered":"\n\n\n<p>16 et 17 mars  Festichoc \u00e0 Versoix <a href=\"https:\/\/www.versoix.ch\/sites-festichoc\/festichoc\/festichoc-1380\">https:\/\/www.versoix.ch\/sites-festichoc\/festichoc\/festichoc-1380<\/a><\/p>\n\n\n\n<p>11 et 12 mai  Bio Agri \u00e0 Moudon  <a href=\"https:\/\/www.bio-agri.ch\/\">https:\/\/www.bio-agri.ch\/<\/a><\/p>\n\n\n\n<p>14 et 15 septembre March\u00e9 Bio de Saignel\u00e9gier <a href=\"https:\/\/marchebiojura.ch\/\">https:\/\/marchebiojura.ch\/<\/a><\/p>\n\n\n\n<p>18 au 20 octobre Foire aux Sonnailles \u00e0 Romainm\u00f4tier <a href=\"https:\/\/www.j3l.ch\/fr\/P14882\/a-faire\/manifestations\/culture-et-patrimoine\/les-sonnailles\">https:\/\/www.j3l.ch\/fr\/P14882\/a-faire\/manifestations\/culture-et-patrimoine\/les-sonnailles<\/a><\/p>\n\n\n\n<p>26 octobre March\u00e9 aux truffes \u00e0 Bonvillars <a href=\"http:\/\/www.marche-truffes-bonvillars.ch\/\">http:\/\/www.marche-truffes-bonvillars.ch\/<\/a><\/p>\n\n\n\n<p>29 et 30 novembre March\u00e9 de No\u00ebl au village 48 \u00e0 Yverdon <a href=\"https:\/\/www.instagram.com\/explore\/locations\/2204501206253555\/village-48\/?next=%2Fhelenapetersen%2Ffeed%2F&amp;hl=en-gb\">https:\/\/www.instagram.com\/explore\/locations\/2204501206253555\/village-48\/?next=%2Fhelenapetersen%2Ffeed%2F&amp;hl=en-gb<\/a><\/p>\n\n\n\n<p>7 d\u00e9cembre March\u00e9 de No\u00ebl de Gressyland \u00e0 Gressy <a href=\"http:\/\/gressyland.ch\/category\/evenements\/\">http:\/\/gressyland.ch\/category\/evenements\/<\/a><\/p>\n","protected":false},"excerpt":{"rendered":"<p>16 et 17 mars Festichoc \u00e0 Versoix https:\/\/www.versoix.ch\/sites-festichoc\/festichoc\/festichoc-1380 11 et 12 mai Bio Agri \u00e0 Moudon https:\/\/www.bio-agri.ch\/ 14 et 15 septembre March\u00e9 Bio de Saignel\u00e9gier https:\/\/marchebiojura.ch\/ 18 au 20 octobre Foire aux Sonnailles \u00e0 Romainm\u00f4tier https:\/\/www.j3l.ch\/fr\/P14882\/a-faire\/manifestations\/culture-et-patrimoine\/les-sonnailles 26 octobre March\u00e9 aux truffes \u00e0 Bonvillars http:\/\/www.marche-truffes-bonvillars.ch\/ 29 et 30 novembre March\u00e9 de No\u00ebl au village 48 \u00e0 [&hellip;]<\/p>\n","protected":false},"author":1,"featured_media":1051,"parent":0,"menu_order":0,"comment_status":"closed","ping_status":"closed","template":"","meta":{"_et_pb_use_builder":"","_et_pb_old_content":"","_et_gb_content_width":"","_uag_custom_page_level_css":"","footnotes":""},"class_list":["post-14","page","type-page","status-publish","has-post-thumbnail","hentry"],"uagb_featured_image_src":{"full":["https:\/\/mirroir.mrchocolat.swiss\/wp-content\/uploads\/2017\/08\/17103691_1328062987280304_4209106776575348114_n.png",960,370,false],"thumbnail":["https:\/\/mirroir.mrchocolat.swiss\/wp-content\/uploads\/2017\/08\/17103691_1328062987280304_4209106776575348114_n-150x150.png",150,150,true],"medium":["https:\/\/mirroir.mrchocolat.swiss\/wp-content\/uploads\/2017\/08\/17103691_1328062987280304_4209106776575348114_n-300x116.png",300,116,true],"medium_large":["https:\/\/mirroir.mrchocolat.swiss\/wp-content\/uploads\/2017\/08\/17103691_1328062987280304_4209106776575348114_n-768x296.png",768,296,true],"large":["https:\/\/mirroir.mrchocolat.swiss\/wp-content\/uploads\/2017\/08\/17103691_1328062987280304_4209106776575348114_n.png",960,370,false],"1536x1536":["https:\/\/mirroir.mrchocolat.swiss\/wp-content\/uploads\/2017\/08\/17103691_1328062987280304_4209106776575348114_n.png",960,370,false],"2048x2048":["https:\/\/mirroir.mrchocolat.swiss\/wp-content\/uploads\/2017\/08\/17103691_1328062987280304_4209106776575348114_n.png",960,370,false],"et-pb-post-main-image":["https:\/\/mirroir.mrchocolat.swiss\/wp-content\/uploads\/2017\/08\/17103691_1328062987280304_4209106776575348114_n.png",400,154,false],"et-pb-post-main-image-fullwidth":["https:\/\/mirroir.mrchocolat.swiss\/wp-content\/uploads\/2017\/08\/17103691_1328062987280304_4209106776575348114_n.png",960,370,false],"et-pb-portfolio-image":["https:\/\/mirroir.mrchocolat.swiss\/wp-content\/uploads\/2017\/08\/17103691_1328062987280304_4209106776575348114_n.png",400,154,false],"et-pb-portfolio-module-image":["https:\/\/mirroir.mrchocolat.swiss\/wp-content\/uploads\/2017\/08\/17103691_1328062987280304_4209106776575348114_n.png",510,197,false],"et-pb-portfolio-image-single":["https:\/\/mirroir.mrchocolat.swiss\/wp-content\/uploads\/2017\/08\/17103691_1328062987280304_4209106776575348114_n.png",960,370,false],"et-pb-gallery-module-image-portrait":["https:\/\/mirroir.mrchocolat.swiss\/wp-content\/uploads\/2017\/08\/17103691_1328062987280304_4209106776575348114_n.png",400,154,false],"et-pb-post-main-image-fullwidth-large":["https:\/\/mirroir.mrchocolat.swiss\/wp-content\/uploads\/2017\/08\/17103691_1328062987280304_4209106776575348114_n.png",960,370,false],"et-pb-image--responsive--desktop":["https:\/\/mirroir.mrchocolat.swiss\/wp-content\/uploads\/2017\/08\/17103691_1328062987280304_4209106776575348114_n.png",960,370,false],"et-pb-image--responsive--tablet":["https:\/\/mirroir.mrchocolat.swiss\/wp-content\/uploads\/2017\/08\/17103691_1328062987280304_4209106776575348114_n.png",960,370,false],"et-pb-image--responsive--phone":["https:\/\/mirroir.mrchocolat.swiss\/wp-content\/uploads\/2017\/08\/17103691_1328062987280304_4209106776575348114_n.png",480,185,false]},"uagb_author_info":{"display_name":"MR Chocolat","author_link":"https:\/\/mirroir.mrchocolat.swiss\/?author=1"},"uagb_comment_info":0,"uagb_excerpt":"16 et 17 mars Festichoc \u00e0 Versoix https:\/\/www.versoix.ch\/sites-festichoc\/festichoc\/festichoc-1380 11 et 12 mai Bio Agri \u00e0 Moudon https:\/\/www.bio-agri.ch\/ 14 et 15 septembre March\u00e9 Bio de Saignel\u00e9gier https:\/\/marchebiojura.ch\/ 18 au 20 octobre Foire aux Sonnailles \u00e0 Romainm\u00f4tier https:\/\/www.j3l.ch\/fr\/P14882\/a-faire\/manifestations\/culture-et-patrimoine\/les-sonnailles 26 octobre March\u00e9 aux truffes \u00e0 Bonvillars http:\/\/www.marche-truffes-bonvillars.ch\/ 29 et 30 novembre March\u00e9 de No\u00ebl au village 48 \u00e0\u2026","_links":{"self":[{"href":"https:\/\/mirroir.mrchocolat.swiss\/index.php?rest_route=\/wp\/v2\/pages\/14","targetHints":{"allow":["GET"]}}],"collection":[{"href":"https:\/\/mirroir.mrchocolat.swiss\/index.php?rest_route=\/wp\/v2\/pages"}],"about":[{"href":"https:\/\/mirroir.mrchocolat.swiss\/index.php?rest_route=\/wp\/v2\/types\/page"}],"author":[{"embeddable":true,"href":"https:\/\/mirroir.mrchocolat.swiss\/index.php?rest_route=\/wp\/v2\/users\/1"}],"replies":[{"embeddable":true,"href":"https:\/\/mirroir.mrchocolat.swiss\/index.php?rest_route=%2Fwp%2Fv2%2Fcomments&post=14"}],"version-history":[{"count":11,"href":"https:\/\/mirroir.mrchocolat.swiss\/index.php?rest_route=\/wp\/v2\/pages\/14\/revisions"}],"predecessor-version":[{"id":3340,"href":"https:\/\/mirroir.mrchocolat.swiss\/index.php?rest_route=\/wp\/v2\/pages\/14\/revisions\/3340"}],"wp:featuredmedia":[{"embeddable":true,"href":"https:\/\/mirroir.mrchocolat.swiss\/index.php?rest_route=\/wp\/v2\/media\/1051"}],"wp:attachment":[{"href":"https:\/\/mirroir.mrchocolat.swiss\/index.php?rest_route=%2Fwp%2Fv2%2Fmedia&parent=14"}],"curies":[{"name":"wp","href":"https:\/\/api.w.org\/{rel}","templated":true}]}}