{"id":78,"date":"2017-08-04T10:18:01","date_gmt":"2017-08-04T08:18:01","guid":{"rendered":"https:\/\/biobourgeon.mrchocolat.swiss\/?page_id=78"},"modified":"2024-09-11T20:28:22","modified_gmt":"2024-09-11T18:28:22","slug":"bio-suisse","status":"publish","type":"page","link":"https:\/\/mirroir.mrchocolat.swiss\/?page_id=78","title":{"rendered":"Bio Suisse"},"content":{"rendered":"<p>[et_pb_section fb_built=\u00a0\u00bb1&Prime; fullwidth=\u00a0\u00bbon\u00a0\u00bb _builder_version=\u00a0\u00bb4.16&Prime; background_color=\u00a0\u00bb#2ea3f2&Prime; use_background_color_gradient=\u00a0\u00bbon\u00a0\u00bb background_color_gradient_direction=\u00a0\u00bb330deg\u00a0\u00bb background_color_gradient_stops=\u00a0\u00bb#2ea3f2 0%|#2e6df4 100%\u00a0\u00bb background_color_gradient_start=\u00a0\u00bb#2ea3f2&Prime; background_color_gradient_end=\u00a0\u00bb#2e6df4&Prime; global_colors_info=\u00a0\u00bb{}\u00a0\u00bb][et_pb_fullwidth_header content_max_width=\u00a0\u00bbnone\u00a0\u00bb _builder_version=\u00a0\u00bb4.16&Prime; background_color=\u00a0\u00bbrgba(255, 255, 255, 0)\u00a0\u00bb min_height=\u00a0\u00bb62px\u00a0\u00bb custom_margin=\u00a0\u00bb||-103px|||\u00a0\u00bb global_colors_info=\u00a0\u00bb{}\u00a0\u00bb button_one_text_size__hover_enabled=\u00a0\u00bboff\u00a0\u00bb button_two_text_size__hover_enabled=\u00a0\u00bboff\u00a0\u00bb button_one_text_color__hover_enabled=\u00a0\u00bboff\u00a0\u00bb button_two_text_color__hover_enabled=\u00a0\u00bboff\u00a0\u00bb button_one_border_width__hover_enabled=\u00a0\u00bboff\u00a0\u00bb button_two_border_width__hover_enabled=\u00a0\u00bboff\u00a0\u00bb button_one_border_color__hover_enabled=\u00a0\u00bboff\u00a0\u00bb button_two_border_color__hover_enabled=\u00a0\u00bboff\u00a0\u00bb button_one_border_radius__hover_enabled=\u00a0\u00bboff\u00a0\u00bb button_two_border_radius__hover_enabled=\u00a0\u00bboff\u00a0\u00bb button_one_letter_spacing__hover_enabled=\u00a0\u00bboff\u00a0\u00bb button_two_letter_spacing__hover_enabled=\u00a0\u00bboff\u00a0\u00bb button_one_bg_color__hover_enabled=\u00a0\u00bboff\u00a0\u00bb button_two_bg_color__hover_enabled=\u00a0\u00bboff\u00a0\u00bb][\/et_pb_fullwidth_header][et_pb_fullwidth_image src=\u00a0\u00bbhttps:\/\/mirroir.mrchocolat.swiss\/wp-content\/uploads\/2017\/08\/DSC_9576-1600&#215;1068-Copie.jpg\u00a0\u00bb alt=\u00a0\u00bbcertificat BIO fichier IMG header\u00a0\u00bb title_text=\u00a0\u00bbcertificat BIO fichier IMG header\u00a0\u00bb _builder_version=\u00a0\u00bb4.27.0&Prime; _module_preset=\u00a0\u00bbdefault\u00a0\u00bb border_color_all=\u00a0\u00bb#FFFFFF\u00a0\u00bb global_colors_info=\u00a0\u00bb{}\u00a0\u00bb][\/et_pb_fullwidth_image][\/et_pb_section][et_pb_section fb_built=\u00a0\u00bb1&Prime; _builder_version=\u00a0\u00bb4.27.0&Prime; _module_preset=\u00a0\u00bbdefault\u00a0\u00bb global_colors_info=\u00a0\u00bb{}\u00a0\u00bb][et_pb_row _builder_version=\u00a0\u00bb4.27.0&Prime; _module_preset=\u00a0\u00bbdefault\u00a0\u00bb global_colors_info=\u00a0\u00bb{}\u00a0\u00bb][et_pb_column type=\u00a0\u00bb4_4&Prime; _builder_version=\u00a0\u00bb4.27.0&Prime; _module_preset=\u00a0\u00bbdefault\u00a0\u00bb global_colors_info=\u00a0\u00bb{}\u00a0\u00bb][et_pb_text _builder_version=\u00a0\u00bb4.27.0&Prime; _module_preset=\u00a0\u00bbdefault\u00a0\u00bb hover_enabled=\u00a0\u00bb0&Prime; global_colors_info=\u00a0\u00bb{}\u00a0\u00bb sticky_enabled=\u00a0\u00bb0&Prime;]<\/p>\n<div class=\"ffb-id-1f3n03ck fg-col col-xs-12 col-md-12 fg-text-dark\">\n<h2 class=\"ffb-id-1f3n0dop fg-heading text-left    fg-text-dark\" style=\"text-align: justify;\">Micha\u00ebl Randin, le premier artisan chocolatier Suisse certifi\u00e9 Bourgeon Bio<\/h2>\n<\/div>\n<div class=\"ffb-id-1f3mul3j fg-col col-xs-12 col-md-12 fg-text-dark\">\n<p class=\"ffb-id-1f3muucp fg-paragraph text-left    fg-text-dark\">MR Chocolat est certifi\u00e9 par Bio Suisse, le label Bio le plus exigeant de Suisse. En plus d\u2019\u00e9gayer nos papilles, Micha\u00ebl Randin a l\u2019ambition de travailler dans le plus grand respect de l&rsquo;homme et de la nature. Un d\u00e9fi qui est d&rsquo;autant plus grand qu\u2019il est le premier artisan chocolatier en Suisse \u00e0 \u00eatre preneur de la licence Bourgeon ! Et comme avec ce label tous les colorants sont interdits, la couleur sera pr\u00e9sente gr\u00e2ce aux fleurs suisses Bio d&rsquo;Erwin Gr\u00fcnenfelder \u00e0 Vaulion. Les mati\u00e8res premi\u00e8res sont \u00e9galement audit\u00e9es par le label Bio Bourgeon, qui exige d\u2019\u00eatre le plus transparent possible sur les provenances des produits, d\u2019o\u00f9 son extr\u00eame complexit\u00e9 pour l\u2019artisan chocolatier.<\/p>\n<\/div>\n<p>[\/et_pb_text][\/et_pb_column][\/et_pb_row][\/et_pb_section][et_pb_section fb_built=\u00a0\u00bb1&Prime; _builder_version=\u00a0\u00bb4.27.0&Prime; _module_preset=\u00a0\u00bbdefault\u00a0\u00bb global_colors_info=\u00a0\u00bb{}\u00a0\u00bb][et_pb_row column_structure=\u00a0\u00bb1_3,1_3,1_3&Prime; _builder_version=\u00a0\u00bb4.27.0&Prime; _module_preset=\u00a0\u00bbdefault\u00a0\u00bb hover_enabled=\u00a0\u00bb0&Prime; global_colors_info=\u00a0\u00bb{}\u00a0\u00bb custom_margin=\u00a0\u00bb|auto|-6px|auto||\u00a0\u00bb sticky_enabled=\u00a0\u00bb0&Prime;][et_pb_column type=\u00a0\u00bb1_3&Prime; _builder_version=\u00a0\u00bb4.27.0&Prime; _module_preset=\u00a0\u00bbdefault\u00a0\u00bb global_colors_info=\u00a0\u00bb{}\u00a0\u00bb][et_pb_image src=\u00a0\u00bbhttps:\/\/mirroir.mrchocolat.swiss\/wp-content\/uploads\/2017\/08\/logo-bio-bourgeon-b_rgb_pos.png\u00a0\u00bb title_text=\u00a0\u00bblogo-bio-bourgeon-b_rgb_pos\u00a0\u00bb url=\u00a0\u00bbhttps:\/\/www.easy-cert.com\/htm\/suchresultat-detail.htm?id=49e57483-16e5-4aef-b84b-e9df09c1384e&#038;db=bio\u00a0\u00bb _builder_version=\u00a0\u00bb4.27.0&Prime; _module_preset=\u00a0\u00bbdefault\u00a0\u00bb width=\u00a0\u00bb42%\u00a0\u00bb max_width=\u00a0\u00bb100%\u00a0\u00bb module_alignment=\u00a0\u00bbcenter\u00a0\u00bb hover_enabled=\u00a0\u00bb0&Prime; global_colors_info=\u00a0\u00bb{}\u00a0\u00bb sticky_enabled=\u00a0\u00bb0&Prime;][\/et_pb_image][et_pb_text _builder_version=\u00a0\u00bb4.27.0&Prime; _module_preset=\u00a0\u00bbdefault\u00a0\u00bb custom_padding=\u00a0\u00bb||0px|31px||\u00a0\u00bb hover_enabled=\u00a0\u00bb0&Prime; global_colors_info=\u00a0\u00bb{}\u00a0\u00bb sticky_enabled=\u00a0\u00bb0&Prime;]<\/p>\n<p style=\"text-align: left;\"><span>Les chocolats certifi\u00e9s en un coup d\u2019\u0153il\u00a0<\/span><\/p>\n<p>[\/et_pb_text][\/et_pb_column][et_pb_column type=\u00a0\u00bb1_3&Prime; _builder_version=\u00a0\u00bb4.27.0&Prime; _module_preset=\u00a0\u00bbdefault\u00a0\u00bb global_colors_info=\u00a0\u00bb{}\u00a0\u00bb][et_pb_image src=\u00a0\u00bbhttps:\/\/mirroir.mrchocolat.swiss\/wp-content\/uploads\/2017\/08\/Logo-bio-suisse.png\u00a0\u00bb alt=\u00a0\u00bbLogo bio suisse\u00a0\u00bb title_text=\u00a0\u00bbLogo bio suisse\u00a0\u00bb url=\u00a0\u00bbhttps:\/\/www.bio-suisse.ch\/fr.html\u00a0\u00bb _builder_version=\u00a0\u00bb4.27.0&Prime; _module_preset=\u00a0\u00bbdefault\u00a0\u00bb hover_enabled=\u00a0\u00bb0&Prime; global_colors_info=\u00a0\u00bb{}\u00a0\u00bb max_height=\u00a0\u00bb1000px\u00a0\u00bb width=\u00a0\u00bb100%\u00a0\u00bb sticky_enabled=\u00a0\u00bb0&Prime; module_alignment=\u00a0\u00bbcenter\u00a0\u00bb align=\u00a0\u00bbcenter\u00a0\u00bb][\/et_pb_image][et_pb_text _builder_version=\u00a0\u00bb4.27.0&Prime; _module_preset=\u00a0\u00bbdefault\u00a0\u00bb hover_enabled=\u00a0\u00bb0&Prime; sticky_enabled=\u00a0\u00bb0&Prime;]<\/p>\n<p style=\"text-align: center;\"><span>Tout savoir sur Bio Suisse\u00a0<\/span><\/p>\n<p>[\/et_pb_text][\/et_pb_column][et_pb_column type=\u00a0\u00bb1_3&Prime; _builder_version=\u00a0\u00bb4.27.0&Prime; _module_preset=\u00a0\u00bbdefault\u00a0\u00bb global_colors_info=\u00a0\u00bb{}\u00a0\u00bb][et_pb_image src=\u00a0\u00bbhttps:\/\/mirroir.mrchocolat.swiss\/wp-content\/uploads\/2017\/08\/2017-08-08_151017.png\u00a0\u00bb alt=\u00a0\u00bbcertificat BIO fichier PNG\u00a0\u00bb title_text=\u00a0\u00bbcertificat BIO fichier PNG\u00a0\u00bb _builder_version=\u00a0\u00bb4.27.0&Prime; _module_preset=\u00a0\u00bbdefault\u00a0\u00bb hover_enabled=\u00a0\u00bb0&Prime; global_colors_info=\u00a0\u00bb{}\u00a0\u00bb url=\u00a0\u00bbhttps:\/\/mirroir.mrchocolat.swiss\/wp-content\/uploads\/2024\/09\/certificat-2024-BI_BVH_Einheitszertifikat-10.pdf\u00a0\u00bb sticky_enabled=\u00a0\u00bb0&Prime;][\/et_pb_image][\/et_pb_column][\/et_pb_row][\/et_pb_section]<\/p>\n","protected":false},"excerpt":{"rendered":"<p>Micha\u00ebl Randin, le premier artisan chocolatier Suisse certifi\u00e9 Bourgeon Bio MR Chocolat est certifi\u00e9 par Bio Suisse, le label Bio le plus exigeant de Suisse. En plus d\u2019\u00e9gayer nos papilles, Micha\u00ebl Randin a l\u2019ambition de travailler dans le plus grand respect de l&rsquo;homme et de la nature. Un d\u00e9fi qui est d&rsquo;autant plus grand qu\u2019il [&hellip;]<\/p>\n","protected":false},"author":1,"featured_media":737,"parent":0,"menu_order":0,"comment_status":"closed","ping_status":"closed","template":"","meta":{"_et_pb_use_builder":"on","_et_pb_old_content":"<!-- wp:heading -->\n<h2 class=\"wp-block-heading\">Micha\u00ebl Randin, le premier artisan chocolatier Suisse certifi\u00e9 Bourgeon Bio<\/h2>\n<!-- \/wp:heading -->\n\n<!-- wp:paragraph -->\n<p>MR Chocolat est certifi\u00e9 par Bio Suisse, le label Bio le plus exigeant de Suisse. En plus d\u2019\u00e9gayer nos papilles, Micha\u00ebl Randin a l\u2019ambition de travailler dans le plus grand respect de l'homme et de la nature. Un d\u00e9fi qui est d'autant plus grand qu\u2019il est le premier artisan chocolatier en Suisse \u00e0 \u00eatre preneur de la licence Bourgeon ! Et comme avec ce label tous les colorants sont interdits, la couleur sera pr\u00e9sente gr\u00e2ce aux fleurs suisses Bio d'Erwin Gr\u00fcnenfelder \u00e0 Vaulion. Les mati\u00e8res premi\u00e8res sont \u00e9galement audit\u00e9es par le label Bio Bourgeon, qui exige d\u2019\u00eatre le plus transparent possible sur les provenances des produits, d\u2019o\u00f9 son extr\u00eame complexit\u00e9 pour l\u2019artisan chocolatier.<\/p>\n<!-- \/wp:paragraph -->\n\n<!-- wp:uagb\/container {\"block_id\":\"11ab8860\",\"directionDesktop\":\"row\",\"variationSelected\":true,\"isBlockRootParent\":true} -->\n<div class=\"wp-block-uagb-container uagb-block-11ab8860 alignfull uagb-is-root-container\"><div class=\"uagb-container-inner-blocks-wrap\"><!-- wp:uagb\/container {\"block_id\":\"9d2dafe6\",\"widthDesktop\":33,\"widthSetByUser\":true} -->\n<div class=\"wp-block-uagb-container uagb-block-9d2dafe6\"><!-- wp:image {\"id\":3388,\"sizeSlug\":\"large\",\"linkDestination\":\"none\"} -->\n<figure class=\"wp-block-image size-large\"><img src=\"https:\/\/mirroir.mrchocolat.swiss\/wp-content\/uploads\/2024\/09\/Screenshot-2024-09-10-at-15.56.17-1024x704.png\" alt=\"\" class=\"wp-image-3388\"\/><\/figure>\n<!-- \/wp:image -->\n\n<!-- wp:paragraph -->\n<p>sdfsdfsfs<\/p>\n<!-- \/wp:paragraph --><\/div>\n<!-- \/wp:uagb\/container -->\n\n<!-- wp:uagb\/container {\"block_id\":\"b78e575f\",\"widthDesktop\":33,\"widthSetByUser\":true} -->\n<div class=\"wp-block-uagb-container uagb-block-b78e575f\"><\/div>\n<!-- \/wp:uagb\/container -->\n\n<!-- wp:uagb\/container {\"block_id\":\"9563b436\",\"widthDesktop\":33,\"widthSetByUser\":true} -->\n<div class=\"wp-block-uagb-container uagb-block-9563b436\"><\/div>\n<!-- \/wp:uagb\/container --><\/div><\/div>\n<!-- \/wp:uagb\/container -->","_et_gb_content_width":"","_uag_custom_page_level_css":"","footnotes":""},"class_list":["post-78","page","type-page","status-publish","has-post-thumbnail","hentry"],"uagb_featured_image_src":{"full":["https:\/\/mirroir.mrchocolat.swiss\/wp-content\/uploads\/2017\/08\/DSC_9576-1600x1068-Copie.jpg",1443,516,false],"thumbnail":["https:\/\/mirroir.mrchocolat.swiss\/wp-content\/uploads\/2017\/08\/DSC_9576-1600x1068-Copie-150x150.jpg",150,150,true],"medium":["https:\/\/mirroir.mrchocolat.swiss\/wp-content\/uploads\/2017\/08\/DSC_9576-1600x1068-Copie-300x107.jpg",300,107,true],"medium_large":["https:\/\/mirroir.mrchocolat.swiss\/wp-content\/uploads\/2017\/08\/DSC_9576-1600x1068-Copie-768x275.jpg",768,275,true],"large":["https:\/\/mirroir.mrchocolat.swiss\/wp-content\/uploads\/2017\/08\/DSC_9576-1600x1068-Copie-1024x366.jpg",1024,366,true],"1536x1536":["https:\/\/mirroir.mrchocolat.swiss\/wp-content\/uploads\/2017\/08\/DSC_9576-1600x1068-Copie.jpg",1443,516,false],"2048x2048":["https:\/\/mirroir.mrchocolat.swiss\/wp-content\/uploads\/2017\/08\/DSC_9576-1600x1068-Copie.jpg",1443,516,false],"et-pb-post-main-image":["https:\/\/mirroir.mrchocolat.swiss\/wp-content\/uploads\/2017\/08\/DSC_9576-1600x1068-Copie.jpg",400,143,false],"et-pb-post-main-image-fullwidth":["https:\/\/mirroir.mrchocolat.swiss\/wp-content\/uploads\/2017\/08\/DSC_9576-1600x1068-Copie.jpg",1080,386,false],"et-pb-portfolio-image":["https:\/\/mirroir.mrchocolat.swiss\/wp-content\/uploads\/2017\/08\/DSC_9576-1600x1068-Copie.jpg",400,143,false],"et-pb-portfolio-module-image":["https:\/\/mirroir.mrchocolat.swiss\/wp-content\/uploads\/2017\/08\/DSC_9576-1600x1068-Copie.jpg",510,182,false],"et-pb-portfolio-image-single":["https:\/\/mirroir.mrchocolat.swiss\/wp-content\/uploads\/2017\/08\/DSC_9576-1600x1068-Copie.jpg",1080,386,false],"et-pb-gallery-module-image-portrait":["https:\/\/mirroir.mrchocolat.swiss\/wp-content\/uploads\/2017\/08\/DSC_9576-1600x1068-Copie.jpg",400,143,false],"et-pb-post-main-image-fullwidth-large":["https:\/\/mirroir.mrchocolat.swiss\/wp-content\/uploads\/2017\/08\/DSC_9576-1600x1068-Copie.jpg",1443,516,false],"et-pb-image--responsive--desktop":["https:\/\/mirroir.mrchocolat.swiss\/wp-content\/uploads\/2017\/08\/DSC_9576-1600x1068-Copie.jpg",1280,458,false],"et-pb-image--responsive--tablet":["https:\/\/mirroir.mrchocolat.swiss\/wp-content\/uploads\/2017\/08\/DSC_9576-1600x1068-Copie.jpg",980,350,false],"et-pb-image--responsive--phone":["https:\/\/mirroir.mrchocolat.swiss\/wp-content\/uploads\/2017\/08\/DSC_9576-1600x1068-Copie.jpg",480,172,false]},"uagb_author_info":{"display_name":"MR Chocolat","author_link":"https:\/\/mirroir.mrchocolat.swiss\/?author=1"},"uagb_comment_info":0,"uagb_excerpt":"Micha\u00ebl Randin, le premier artisan chocolatier Suisse certifi\u00e9 Bourgeon Bio MR Chocolat est certifi\u00e9 par Bio Suisse, le label Bio le plus exigeant de Suisse. En plus d\u2019\u00e9gayer nos papilles, Micha\u00ebl Randin a l\u2019ambition de travailler dans le plus grand respect de l'homme et de la nature. Un d\u00e9fi qui est d'autant plus grand qu\u2019il\u2026","_links":{"self":[{"href":"https:\/\/mirroir.mrchocolat.swiss\/index.php?rest_route=\/wp\/v2\/pages\/78","targetHints":{"allow":["GET"]}}],"collection":[{"href":"https:\/\/mirroir.mrchocolat.swiss\/index.php?rest_route=\/wp\/v2\/pages"}],"about":[{"href":"https:\/\/mirroir.mrchocolat.swiss\/index.php?rest_route=\/wp\/v2\/types\/page"}],"author":[{"embeddable":true,"href":"https:\/\/mirroir.mrchocolat.swiss\/index.php?rest_route=\/wp\/v2\/users\/1"}],"replies":[{"embeddable":true,"href":"https:\/\/mirroir.mrchocolat.swiss\/index.php?rest_route=%2Fwp%2Fv2%2Fcomments&post=78"}],"version-history":[{"count":24,"href":"https:\/\/mirroir.mrchocolat.swiss\/index.php?rest_route=\/wp\/v2\/pages\/78\/revisions"}],"predecessor-version":[{"id":3474,"href":"https:\/\/mirroir.mrchocolat.swiss\/index.php?rest_route=\/wp\/v2\/pages\/78\/revisions\/3474"}],"wp:featuredmedia":[{"embeddable":true,"href":"https:\/\/mirroir.mrchocolat.swiss\/index.php?rest_route=\/wp\/v2\/media\/737"}],"wp:attachment":[{"href":"https:\/\/mirroir.mrchocolat.swiss\/index.php?rest_route=%2Fwp%2Fv2%2Fmedia&parent=78"}],"curies":[{"name":"wp","href":"https:\/\/api.w.org\/{rel}","templated":true}]}}