{"id":8,"date":"2017-08-01T09:14:14","date_gmt":"2017-08-01T07:14:14","guid":{"rendered":"http:\/\/biobourgeon.mrchocolat.swiss\/?page_id=8"},"modified":"2024-09-11T17:33:28","modified_gmt":"2024-09-11T15:33:28","slug":"accueil","status":"publish","type":"page","link":"https:\/\/mirroir.mrchocolat.swiss\/","title":{"rendered":"Accueil"},"content":{"rendered":"<p>[et_pb_section fb_built=\u00a0\u00bb1&Prime; theme_builder_area=\u00a0\u00bbpost_content\u00a0\u00bb _builder_version=\u00a0\u00bb4.27.0&Prime; _module_preset=\u00a0\u00bbdefault\u00a0\u00bb][et_pb_row _builder_version=\u00a0\u00bb4.27.0&Prime; _module_preset=\u00a0\u00bbdefault\u00a0\u00bb theme_builder_area=\u00a0\u00bbpost_content\u00a0\u00bb custom_margin=\u00a0\u00bb24px|auto||auto||\u00a0\u00bb][et_pb_column _builder_version=\u00a0\u00bb4.27.0&Prime; _module_preset=\u00a0\u00bbdefault\u00a0\u00bb type=\u00a0\u00bb4_4&Prime; theme_builder_area=\u00a0\u00bbpost_content\u00a0\u00bb][et_pb_video src=\u00a0\u00bbhttps:\/\/youtu.be\/nCFgVYk4TsE?feature=shared\u00a0\u00bb _builder_version=\u00a0\u00bb4.27.0&Prime; _module_preset=\u00a0\u00bbdefault\u00a0\u00bb theme_builder_area=\u00a0\u00bbpost_content\u00a0\u00bb hover_enabled=\u00a0\u00bb0&Prime; sticky_enabled=\u00a0\u00bb0&Prime;][\/et_pb_video][\/et_pb_column][\/et_pb_row][et_pb_row _builder_version=\u00a0\u00bb4.27.0&Prime; _module_preset=\u00a0\u00bbdefault\u00a0\u00bb theme_builder_area=\u00a0\u00bbpost_content\u00a0\u00bb][et_pb_column _builder_version=\u00a0\u00bb4.27.0&Prime; _module_preset=\u00a0\u00bbdefault\u00a0\u00bb type=\u00a0\u00bb4_4&Prime; theme_builder_area=\u00a0\u00bbpost_content\u00a0\u00bb][et_pb_text _builder_version=\u00a0\u00bb4.27.0&Prime; _module_preset=\u00a0\u00bbdefault\u00a0\u00bb theme_builder_area=\u00a0\u00bbpost_content\u00a0\u00bb hover_enabled=\u00a0\u00bb0&Prime; sticky_enabled=\u00a0\u00bb0&Prime;]<\/p>\n<div class=\"ffb-id-1f3n03ck fg-col col-xs-12 col-md-12 fg-text-dark\">\n<h2 class=\"ffb-id-1f3n0dop fg-heading text-left    fg-text-dark\">Micha\u00ebl Randin, le premier artisan chocolatier Suisse certifi\u00e9 Bourgeon Bio<\/h2>\n<\/div>\n<div class=\"ffb-id-1f3mul3j fg-col col-xs-12 col-md-12 fg-text-dark\">\n<p class=\"ffb-id-1f3muucp fg-paragraph text-left    fg-text-dark\">MR Chocolat est certifi\u00e9 par Bio Suisse, le label Bio le plus exigeant de Suisse. En plus d\u2019\u00e9gayer nos papilles, Micha\u00ebl Randin a l\u2019ambition de travailler dans le plus grand respect de l&rsquo;homme et de la nature. Un d\u00e9fi qui est d&rsquo;autant plus grand qu\u2019il est le premier artisan chocolatier en Suisse \u00e0 \u00eatre preneur de la licence Bourgeon ! Et comme avec ce label tous les colorants sont interdits, la couleur sera pr\u00e9sente gr\u00e2ce aux fleurs suisses Bio d&rsquo;Erwin Gr\u00fcnenfelder \u00e0 Vaulion. Les mati\u00e8res premi\u00e8res sont \u00e9galement audit\u00e9es par le label Bio Bourgeon, qui exige d\u2019\u00eatre le plus transparent possible sur les provenances des produits, d\u2019o\u00f9 son extr\u00eame complexit\u00e9 pour l\u2019artisan chocolatier.<\/p>\n<\/div>\n<p>[\/et_pb_text][et_pb_text _builder_version=\u00a0\u00bb4.27.0&Prime; _module_preset=\u00a0\u00bbdefault\u00a0\u00bb theme_builder_area=\u00a0\u00bbpost_content\u00a0\u00bb hover_enabled=\u00a0\u00bb0&Prime; sticky_enabled=\u00a0\u00bb0&Prime;]<\/p>\n<p>&nbsp;<\/p>\n<p>&nbsp;<\/p>\n<p>[\/et_pb_text][\/et_pb_column][\/et_pb_row][et_pb_row _builder_version=\u00a0\u00bb4.27.0&Prime; _module_preset=\u00a0\u00bbdefault\u00a0\u00bb theme_builder_area=\u00a0\u00bbpost_content\u00a0\u00bb][et_pb_column _builder_version=\u00a0\u00bb4.27.0&Prime; _module_preset=\u00a0\u00bbdefault\u00a0\u00bb type=\u00a0\u00bb4_4&Prime; theme_builder_area=\u00a0\u00bbpost_content\u00a0\u00bb][et_pb_video src=\u00a0\u00bbhttps:\/\/www.youtube.com\/watch?v=D2R3tfrSOFA\u00a0\u00bb _builder_version=\u00a0\u00bb4.27.0&Prime; _module_preset=\u00a0\u00bbdefault\u00a0\u00bb theme_builder_area=\u00a0\u00bbpost_content\u00a0\u00bb hover_enabled=\u00a0\u00bb0&Prime; sticky_enabled=\u00a0\u00bb0&Prime;][\/et_pb_video][\/et_pb_column][\/et_pb_row][et_pb_row _builder_version=\u00a0\u00bb4.27.0&Prime; _module_preset=\u00a0\u00bbdefault\u00a0\u00bb theme_builder_area=\u00a0\u00bbpost_content\u00a0\u00bb][et_pb_column _builder_version=\u00a0\u00bb4.27.0&Prime; _module_preset=\u00a0\u00bbdefault\u00a0\u00bb type=\u00a0\u00bb4_4&Prime; theme_builder_area=\u00a0\u00bbpost_content\u00a0\u00bb][et_pb_text _builder_version=\u00a0\u00bb4.27.0&Prime; _module_preset=\u00a0\u00bbdefault\u00a0\u00bb theme_builder_area=\u00a0\u00bbpost_content\u00a0\u00bb text_text_color=\u00a0\u00bb#0A0000&Prime; hover_enabled=\u00a0\u00bb0&Prime; sticky_enabled=\u00a0\u00bb0&Prime;]<\/p>\n<p><span>Apr\u00e8s avoir produit du chocolat bio, Micha\u00ebl Randin s&rsquo;est lanc\u00e9 dans un m\u00e9lange fou, celui de la musique m\u00e9tal et du chocolat. Il a collabor\u00e9 avec les groupes Chaoseum et Dreamshade en leur cr\u00e9ant des tablettes de chocolat. Le chocolatier raconte \u00e9galement sa passion pour la moto, comment il a int\u00e9gr\u00e9 de la carotte s\u00e9ch\u00e9e dans certaines cr\u00e9ations et les d\u00e9fis auxquels il est confront\u00e9 pour continuer \u00e0 produire bio. 40 revendeurs travaillent avec Micha\u00ebl Randin en Suisse romande. Ne manquez pas la d\u00e9gustation de chocolats de Philippe Morax et Elzza en fin de chronique !<\/span><\/p>\n<p>[\/et_pb_text][\/et_pb_column][\/et_pb_row][\/et_pb_section]<\/p>\n","protected":false},"excerpt":{"rendered":"<p>Micha\u00ebl Randin, le premier artisan chocolatier Suisse certifi\u00e9 Bourgeon Bio MR Chocolat est certifi\u00e9 par Bio Suisse, le label Bio le plus exigeant de Suisse. En plus d\u2019\u00e9gayer nos papilles, Micha\u00ebl Randin a l\u2019ambition de travailler dans le plus grand respect de l&rsquo;homme et de la nature. Un d\u00e9fi qui est d&rsquo;autant plus grand qu\u2019il [&hellip;]<\/p>\n","protected":false},"author":1,"featured_media":0,"parent":0,"menu_order":0,"comment_status":"closed","ping_status":"closed","template":"","meta":{"_et_pb_use_builder":"on","_et_pb_old_content":"","_et_gb_content_width":"","_uag_custom_page_level_css":"","footnotes":""},"class_list":["post-8","page","type-page","status-publish","hentry"],"uagb_featured_image_src":{"full":false,"thumbnail":false,"medium":false,"medium_large":false,"large":false,"1536x1536":false,"2048x2048":false,"et-pb-post-main-image":false,"et-pb-post-main-image-fullwidth":false,"et-pb-portfolio-image":false,"et-pb-portfolio-module-image":false,"et-pb-portfolio-image-single":false,"et-pb-gallery-module-image-portrait":false,"et-pb-post-main-image-fullwidth-large":false,"et-pb-image--responsive--desktop":false,"et-pb-image--responsive--tablet":false,"et-pb-image--responsive--phone":false},"uagb_author_info":{"display_name":"MR Chocolat","author_link":"https:\/\/mirroir.mrchocolat.swiss\/?author=1"},"uagb_comment_info":0,"uagb_excerpt":"Micha\u00ebl Randin, le premier artisan chocolatier Suisse certifi\u00e9 Bourgeon Bio MR Chocolat est certifi\u00e9 par Bio Suisse, le label Bio le plus exigeant de Suisse. En plus d\u2019\u00e9gayer nos papilles, Micha\u00ebl Randin a l\u2019ambition de travailler dans le plus grand respect de l'homme et de la nature. Un d\u00e9fi qui est d'autant plus grand qu\u2019il\u2026","_links":{"self":[{"href":"https:\/\/mirroir.mrchocolat.swiss\/index.php?rest_route=\/wp\/v2\/pages\/8","targetHints":{"allow":["GET"]}}],"collection":[{"href":"https:\/\/mirroir.mrchocolat.swiss\/index.php?rest_route=\/wp\/v2\/pages"}],"about":[{"href":"https:\/\/mirroir.mrchocolat.swiss\/index.php?rest_route=\/wp\/v2\/types\/page"}],"author":[{"embeddable":true,"href":"https:\/\/mirroir.mrchocolat.swiss\/index.php?rest_route=\/wp\/v2\/users\/1"}],"replies":[{"embeddable":true,"href":"https:\/\/mirroir.mrchocolat.swiss\/index.php?rest_route=%2Fwp%2Fv2%2Fcomments&post=8"}],"version-history":[{"count":22,"href":"https:\/\/mirroir.mrchocolat.swiss\/index.php?rest_route=\/wp\/v2\/pages\/8\/revisions"}],"predecessor-version":[{"id":3426,"href":"https:\/\/mirroir.mrchocolat.swiss\/index.php?rest_route=\/wp\/v2\/pages\/8\/revisions\/3426"}],"wp:attachment":[{"href":"https:\/\/mirroir.mrchocolat.swiss\/index.php?rest_route=%2Fwp%2Fv2%2Fmedia&parent=8"}],"curies":[{"name":"wp","href":"https:\/\/api.w.org\/{rel}","templated":true}]}}